{"id":415,"date":"2016-06-10T09:06:29","date_gmt":"2016-06-10T09:06:29","guid":{"rendered":"http:\/\/yrki.is\/?page_id=415"},"modified":"2019-10-16T15:46:22","modified_gmt":"2019-10-16T15:46:22","slug":"certified","status":"publish","type":"page","link":"https:\/\/yrki.is\/en\/certified\/","title":{"rendered":"Certified"},"content":{"rendered":"<div class=\"wpb-content-wrapper\"><p>[vc_row css_animation=&#8221;&#8221; row_type=&#8221;row&#8221; use_row_as_full_screen_section=&#8221;no&#8221; type=&#8221;full_width&#8221; angled_section=&#8221;no&#8221; text_align=&#8221;left&#8221; background_image_as_pattern=&#8221;without_pattern&#8221;][vc_column width=&#8221;1\/6&#8243;][\/vc_column][vc_column width=&#8221;5\/6&#8243;][vc_empty_space][vc_text_separator title=&#8221;ISO 9001&#8243; title_align=&#8221;separator_align_left&#8221; border=&#8221;no&#8221; title_color=&#8221;#000000&#8243; background_color=&#8221;#ffffff&#8221;][\/vc_column][\/vc_row][vc_row css_animation=&#8221;&#8221; row_type=&#8221;row&#8221; use_row_as_full_screen_section=&#8221;no&#8221; type=&#8221;full_width&#8221; angled_section=&#8221;no&#8221; text_align=&#8221;left&#8221; background_image_as_pattern=&#8221;without_pattern&#8221;][vc_column width=&#8221;1\/6&#8243;][vc_empty_space height=&#8221;20px&#8221;][vc_single_image image=&#8221;246&#8243; img_size=&#8221;full&#8221; alignment=&#8221;center&#8221; onclick=&#8221;custom_link&#8221; qode_css_animation=&#8221;&#8221;][\/vc_column][vc_column width=&#8221;5\/6&#8243;][vc_empty_space height=&#8221;20px&#8221;][vc_column_text]<strong>Yrki architects has implemented a quality system according to the ISO 9001 standard\u00a0.<\/strong><\/p>\n<p>Our quality system is fully in conformance to the International standard of quality ISO-9001 which have been approved and certified.<\/p>\n<p>Yrki architects is\u00a0therefore\u00a0the first architectural office in Iceland to be ISO 9001 certified.<\/p>\n<p><strong>What is ISO 9001<\/strong><\/p>\n<p>ISO 9001 is an International standard for quality system.\u00a0 Performance and results are the key words in the standard structure.\u00a0 The standard requires the company to show their strenght to provide service which meets its customer requirements and laws and regulations set by authorities.\u00a0 Increasing customer satisfaction is also a key word in the standard.<\/p>\n<p><strong>Our quality system emphasis on:<\/strong><\/p>\n<p>\u2022\u00a0Know our customer requirements and meet them<\/p>\n<p>\u2022\u00a0Know our critical success factors<\/p>\n<p>\u2022\u00a0Measure our performance in the fields of profession, service quality and<br \/>\nother critical success factors<\/p>\n<p>\u2022\u00a0How to deal with inconformity, decide reaction and use it to learn for future<br \/>\nimprovements.[\/vc_column_text][vc_empty_space height=&#8221;30px&#8221;][\/vc_column][\/vc_row][vc_row css_animation=&#8221;&#8221; row_type=&#8221;row&#8221; use_row_as_full_screen_section=&#8221;no&#8221; type=&#8221;full_width&#8221; angled_section=&#8221;no&#8221; text_align=&#8221;left&#8221; background_image_as_pattern=&#8221;without_pattern&#8221;][vc_column width=&#8221;1\/6&#8243;][\/vc_column][vc_column width=&#8221;5\/6&#8243;][vc_empty_space][vc_text_separator title=&#8221;BREEAM&#8221; title_align=&#8221;separator_align_left&#8221; border=&#8221;no&#8221; title_color=&#8221;#000000&#8243; background_color=&#8221;#ffffff&#8221;][\/vc_column][\/vc_row][vc_row css_animation=&#8221;&#8221; row_type=&#8221;row&#8221; use_row_as_full_screen_section=&#8221;no&#8221; type=&#8221;full_width&#8221; angled_section=&#8221;no&#8221; text_align=&#8221;left&#8221; background_image_as_pattern=&#8221;without_pattern&#8221;][vc_column width=&#8221;1\/6&#8243;][vc_empty_space height=&#8221;20px&#8221;][vc_single_image image=&#8221;245&#8243; img_size=&#8221;full&#8221; alignment=&#8221;center&#8221; onclick=&#8221;custom_link&#8221; qode_css_animation=&#8221;&#8221;][\/vc_column][vc_column width=&#8221;5\/6&#8243;][vc_empty_space height=&#8221;20px&#8221;][vc_column_text]<strong>Yrki architects are a licensed assessment organisation for BREEAM.<\/strong><\/p>\n<p><strong>What is BREEAM?<\/strong><\/p>\n<p><strong>How BREEAM certification works:<\/strong> BREEAM is an international scheme that provides independent third party certification of the assessment of the sustainability performance of individual buildings, communities and infrastructure projects.<\/p>\n<p><strong>BREEAM\u00b4s performance rating and stars:<\/strong> The main output from a certified BREEAM assessment is the rating. A certified rating reflects the performance achieved by a project and its stakeholders, as measured against the standard and its benchmarks.<\/p>\n<p>The rating enables comparability between projects and provides reassurance to customers and users, in turn underpinning the quality and value of the asset.<\/p>\n<p>The BREEAM ratings range from Acceptable to Pass, Good, Very Good, Excellent and Outstanding and it is reflected in a series of stars on the BREEAM certificate.<\/p>\n<p><strong>BREEAM category issues and aims:<\/strong> BREEAM measures sustainable value in a series of categories, ranging from energy to ecology.<\/p>\n<p><strong>The BREEAM categories:<\/strong><\/p>\n<ul>\n<li>Energy<\/li>\n<li>Health and Wellbeing<\/li>\n<li>Innovation<\/li>\n<li>Land use<\/li>\n<li>Materials<\/li>\n<li>Management<\/li>\n<li>Pollution<\/li>\n<li>Transport<\/li>\n<li>Waste<\/li>\n<li>Water<\/li>\n<\/ul>\n<p>In 2017, Yrki architects were licensed for BREEAM for the assessment of the sustainability performance of new and refurbished buildings.<\/p>\n<p>Provoding our services for a BREEAM certification helps us in our aim to provide services with an environmental gain.[\/vc_column_text][vc_empty_space height=&#8221;30px&#8221;][\/vc_column][\/vc_row][vc_row css_animation=&#8221;&#8221; row_type=&#8221;row&#8221; use_row_as_full_screen_section=&#8221;no&#8221; type=&#8221;full_width&#8221; angled_section=&#8221;no&#8221; text_align=&#8221;left&#8221; background_image_as_pattern=&#8221;without_pattern&#8221;][vc_column][vc_empty_space][vc_raw_html]JTNDc2NyaXB0JTNFJTBBalF1ZXJ5JTI4ZG9jdW1lbnQlMjkucmVhZHklMjhmdW5jdGlvbiUyOCUyOSUyMCU3QiUwQSUyMCUyMCUyMCUyMGpRdWVyeSUyOCUyMiUyM25hdi1tZW51LWl0ZW0tNDE3JTIyJTI5LmFkZENsYXNzJTI4JTIyYWN0aXZlJTIyJTI5JTNCJTBBJTdEJTI5JTNCJTBBJTNDJTJGc2NyaXB0JTNF[\/vc_raw_html][\/vc_column][\/vc_row][vc_row css_animation=&#8221;&#8221; row_type=&#8221;row&#8221; use_row_as_full_screen_section=&#8221;no&#8221; type=&#8221;full_width&#8221; angled_section=&#8221;no&#8221; text_align=&#8221;left&#8221; background_image_as_pattern=&#8221;without_pattern&#8221; el_class=&#8221;fela-row-einingu&#8221; z_index=&#8221;&#8221;][vc_column width=&#8221;1\/4&#8243;][vc_single_image image=&#8221;246&#8243; img_size=&#8221;full&#8221; alignment=&#8221;center&#8221; onclick=&#8221;custom_link&#8221; qode_css_animation=&#8221;&#8221;][vc_empty_space height=&#8221;10px&#8221;][\/vc_column][vc_column width=&#8221;3\/4&#8243;][vc_empty_space height=&#8221;20px&#8221;][vc_column_text]<strong>Yrki arkitektar ehf. hafa innleitt votta\u00f0 g\u00e6\u00f0akerfi \u00e1 grundvelli sta\u00f0alsins ISO 9001.<\/strong><\/p>\n<p>G\u00e6\u00f0akerfi Yrkis arkitekta er \u00ed fullu samr\u00e6mi vi\u00f0 al\u00fej\u00f3\u00f0lega g\u00e6\u00f0asta\u00f0alinn ISO-9001 og var votta\u00f0 \u00feann 4. j\u00fal\u00ed 2008\u00a0af\u00a0\u00fear til b\u00e6rum a\u00f0ila h\u00e9rlendis,\u00a0Vottun hf.\u00a0 \u00deannig hefur g\u00e6\u00f0akerfi Yrkis arkitekta \u00fev\u00ed\u00a0sta\u00f0ist\u00a0sta\u00f0ist allar athuganir sem framkv\u00e6mdar hafa veri\u00f0 \u00e1 kerfinu.<\/p>\n<p>Yrki arkitektar ehf.\u00a0er \u00fev\u00ed fyrsta arkitektastofan \u00e1 \u00cdslandi sem f\u00e6r vottun \u00e1 g\u00e6\u00f0akerfi sem byggt er upp samkv\u00e6mt ISO-9001.<br \/>\n<strong>Hva\u00f0 er ISO 9001<\/strong><\/p>\n<p>ISO 9001 er sta\u00f0all fyrir g\u00e6\u00f0astj\u00f3rnunarkerfi.\u00a0 \u00c1rangur er lykilor\u00f0 \u00ed uppbyggingu sta\u00f0alsins.\u00a0 Hann tilgreinir kr\u00f6fur til g\u00e6\u00f0astj\u00f3rnunarkerfisins \u00fear sem fyrirt\u00e6ki \u00fearf a\u00f0 s\u00fdna fram \u00e1 getu s\u00edna til a\u00f0 l\u00e1ta \u00ed t\u00e9 v\u00f6rur\/\u00fej\u00f3nustu sem uppfylla kr\u00f6fur vi\u00f0skiptavina og vi\u00f0eiganda lagalegar kr\u00f6fur og auka \u00e1n\u00e6gju vi\u00f0skiptavina.<\/p>\n<p><strong>\u00cd g\u00e6\u00f0astj\u00f3rnunarkerfi Yrkis arkitekta ehf. er m.a. l\u00f6g\u00f0 \u00e1hersla \u00e1:<\/strong><\/p>\n<p>\u2022\u00a0A\u00f0 \u00feekkja \u00fearfir vi\u00f0skiptavinarins og taka mi\u00f0 af sj\u00f3narmi\u00f0um hans<\/p>\n<p>\u2022\u00a0A\u00f0 vita hva\u00f0 skiptir m\u00e1li \u00ed rekstrinum til a\u00f0 n\u00e1 \u00e1rangri<\/p>\n<p>\u2022\u00a0Fylgjast me\u00f0 \u00e1rangri fyrirt\u00e6kisins um fagmennsku, \u00fej\u00f3nustug\u00e6\u00f0i og a\u00f0ra<br \/>\nlykil\u00e1rangurs\u00fe\u00e6tti<\/p>\n<p>\u2022\u00a0Hvernig teki\u00f0 er \u00e1 \u00fev\u00ed sem aflaga fer, brug\u00f0ist vi\u00f0 og l\u00e6rt af \u00fev\u00ed<br \/>\n<em><strong>Yrki architects has implemented a quality system according to the ISO 9001 standard\u00a0.<\/strong><\/em><\/p>\n<p><em>Our quality system is fully in conformance to the International standard of quality ISO-9001 which have been approved and certified.<\/em><\/p>\n<p><em>Yrki architects is\u00a0therefore\u00a0the first architectural office in Iceland to be ISO 9001 certified.<\/em><\/p>\n<p><em><strong>What is ISO 9001<\/strong><\/em><\/p>\n<p><em>ISO 9001 is an International standard for quality system.\u00a0 Performance and results are the key words in the standard structure.\u00a0 The standard requires the company to show their strenght to provide service which meets its customer requirements and laws and regulations set by authorities.\u00a0 Increasing customer satisfaction is also a key word in the standard.<\/em><\/p>\n<p><em><strong>Our quality system emphasis on:<\/strong><br \/>\n<\/em><em><br \/>\n\u2022\u00a0Know our customer requirements and meet them<\/em><\/p>\n<p>\u2022\u00a0Know our critical success factors<\/p>\n<p>\u2022\u00a0Measure our performance in the fields of profession, service quality and<br \/>\n<em>other critical success factors<\/em><\/p>\n<p>\u2022\u00a0How to deal with inconformity, decide reaction and use it to learn for future<br \/>\nimprovements.[\/vc_column_text][vc_empty_space height=&#8221;30px&#8221;][\/vc_column][\/vc_row]<\/p>\n<\/div>","protected":false},"excerpt":{"rendered":"<p>[vc_row css_animation=&#8221;&#8221; row_type=&#8221;row&#8221; use_row_as_full_screen_section=&#8221;no&#8221; type=&#8221;full_width&#8221; angled_section=&#8221;no&#8221; text_align=&#8221;left&#8221; background_image_as_pattern=&#8221;without_pattern&#8221;][vc_column width=&#8221;1\/6&#8243;][\/vc_column][vc_column width=&#8221;5\/6&#8243;][vc_empty_space][vc_text_separator title=&#8221;ISO 9001&#8243; title_align=&#8221;separator_align_left&#8221; border=&#8221;no&#8221; title_color=&#8221;#000000&#8243; background_color=&#8221;#ffffff&#8221;][\/vc_column][\/vc_row][vc_row css_animation=&#8221;&#8221; row_type=&#8221;row&#8221; use_row_as_full_screen_section=&#8221;no&#8221; type=&#8221;full_width&#8221; angled_section=&#8221;no&#8221; text_align=&#8221;left&#8221; background_image_as_pattern=&#8221;without_pattern&#8221;][vc_column width=&#8221;1\/6&#8243;][vc_empty_space height=&#8221;20px&#8221;][vc_single_image image=&#8221;246&#8243; img_size=&#8221;full&#8221; alignment=&#8221;center&#8221; onclick=&#8221;custom_link&#8221; qode_css_animation=&#8221;&#8221;][\/vc_column][vc_column width=&#8221;5\/6&#8243;][vc_empty_space height=&#8221;20px&#8221;][vc_column_text]Yrki architects has implemented a quality system according to the ISO 9001 standard\u00a0. Our&#8230;<\/p>\n","protected":false},"author":1,"featured_media":0,"parent":0,"menu_order":0,"comment_status":"closed","ping_status":"closed","template":"","meta":{"inline_featured_image":false,"_monsterinsights_skip_tracking":false,"_monsterinsights_sitenote_active":false,"_monsterinsights_sitenote_note":"","_monsterinsights_sitenote_category":0,"footnotes":""},"class_list":["post-415","page","type-page","status-publish","hentry"],"yoast_head":"<!-- This site is optimized with the Yoast SEO plugin v23.0 - https:\/\/yoast.com\/wordpress\/plugins\/seo\/ -->\n<title>Certified - yrki.is<\/title>\n<meta name=\"robots\" content=\"index, follow, max-snippet:-1, max-image-preview:large, max-video-preview:-1\" \/>\n<link rel=\"canonical\" href=\"https:\/\/yrki.is\/en\/certified\/\" \/>\n<meta property=\"og:locale\" content=\"en_US\" \/>\n<meta property=\"og:type\" content=\"article\" \/>\n<meta property=\"og:title\" content=\"Certified - yrki.is\" \/>\n<meta property=\"og:description\" content=\"[vc_row css_animation=&#8221;&#8221; row_type=&#8221;row&#8221; use_row_as_full_screen_section=&#8221;no&#8221; type=&#8221;full_width&#8221; angled_section=&#8221;no&#8221; text_align=&#8221;left&#8221; background_image_as_pattern=&#8221;without_pattern&#8221;][vc_column width=&#8221;1\/6&#8243;][\/vc_column][vc_column width=&#8221;5\/6&#8243;][vc_empty_space][vc_text_separator title=&#8221;ISO 9001&#8243; title_align=&#8221;separator_align_left&#8221; border=&#8221;no&#8221; title_color=&#8221;#000000&#8243; background_color=&#8221;#ffffff&#8221;][\/vc_column][\/vc_row][vc_row css_animation=&#8221;&#8221; row_type=&#8221;row&#8221; use_row_as_full_screen_section=&#8221;no&#8221; type=&#8221;full_width&#8221; angled_section=&#8221;no&#8221; text_align=&#8221;left&#8221; background_image_as_pattern=&#8221;without_pattern&#8221;][vc_column width=&#8221;1\/6&#8243;][vc_empty_space height=&#8221;20px&#8221;][vc_single_image image=&#8221;246&#8243; img_size=&#8221;full&#8221; alignment=&#8221;center&#8221; onclick=&#8221;custom_link&#8221; qode_css_animation=&#8221;&#8221;][\/vc_column][vc_column width=&#8221;5\/6&#8243;][vc_empty_space height=&#8221;20px&#8221;][vc_column_text]Yrki architects has implemented a quality system according to the ISO 9001 standard\u00a0. Our...\" \/>\n<meta property=\"og:url\" content=\"https:\/\/yrki.is\/en\/certified\/\" \/>\n<meta property=\"og:site_name\" content=\"yrki.is\" \/>\n<meta property=\"article:publisher\" content=\"https:\/\/www.facebook.com\/YrkiArkitektarYrkiArchitects\/\" \/>\n<meta property=\"article:modified_time\" content=\"2019-10-16T15:46:22+00:00\" \/>\n<meta name=\"twitter:card\" content=\"summary_large_image\" \/>\n<meta name=\"twitter:label1\" content=\"Est. reading time\" \/>\n\t<meta name=\"twitter:data1\" content=\"6 minutes\" \/>\n<script type=\"application\/ld+json\" class=\"yoast-schema-graph\">{\"@context\":\"https:\/\/schema.org\",\"@graph\":[{\"@type\":\"WebPage\",\"@id\":\"https:\/\/yrki.is\/en\/certified\/\",\"url\":\"https:\/\/yrki.is\/en\/certified\/\",\"name\":\"Certified - yrki.is\",\"isPartOf\":{\"@id\":\"https:\/\/yrki.is\/#website\"},\"datePublished\":\"2016-06-10T09:06:29+00:00\",\"dateModified\":\"2019-10-16T15:46:22+00:00\",\"breadcrumb\":{\"@id\":\"https:\/\/yrki.is\/en\/certified\/#breadcrumb\"},\"inLanguage\":\"en-US\",\"potentialAction\":[{\"@type\":\"ReadAction\",\"target\":[\"https:\/\/yrki.is\/en\/certified\/\"]}]},{\"@type\":\"BreadcrumbList\",\"@id\":\"https:\/\/yrki.is\/en\/certified\/#breadcrumb\",\"itemListElement\":[{\"@type\":\"ListItem\",\"position\":1,\"name\":\"Home\",\"item\":\"https:\/\/yrki.is\/en\/\"},{\"@type\":\"ListItem\",\"position\":2,\"name\":\"Certified\"}]},{\"@type\":\"WebSite\",\"@id\":\"https:\/\/yrki.is\/#website\",\"url\":\"https:\/\/yrki.is\/\",\"name\":\"yrki.is\",\"description\":\"Arkitektastofa\",\"potentialAction\":[{\"@type\":\"SearchAction\",\"target\":{\"@type\":\"EntryPoint\",\"urlTemplate\":\"https:\/\/yrki.is\/?s={search_term_string}\"},\"query-input\":\"required name=search_term_string\"}],\"inLanguage\":\"en-US\"}]}<\/script>\n<!-- \/ Yoast SEO plugin. -->","yoast_head_json":{"title":"Certified - yrki.is","robots":{"index":"index","follow":"follow","max-snippet":"max-snippet:-1","max-image-preview":"max-image-preview:large","max-video-preview":"max-video-preview:-1"},"canonical":"https:\/\/yrki.is\/en\/certified\/","og_locale":"en_US","og_type":"article","og_title":"Certified - yrki.is","og_description":"[vc_row css_animation=&#8221;&#8221; row_type=&#8221;row&#8221; use_row_as_full_screen_section=&#8221;no&#8221; type=&#8221;full_width&#8221; angled_section=&#8221;no&#8221; text_align=&#8221;left&#8221; background_image_as_pattern=&#8221;without_pattern&#8221;][vc_column width=&#8221;1\/6&#8243;][\/vc_column][vc_column width=&#8221;5\/6&#8243;][vc_empty_space][vc_text_separator title=&#8221;ISO 9001&#8243; title_align=&#8221;separator_align_left&#8221; border=&#8221;no&#8221; title_color=&#8221;#000000&#8243; background_color=&#8221;#ffffff&#8221;][\/vc_column][\/vc_row][vc_row css_animation=&#8221;&#8221; row_type=&#8221;row&#8221; use_row_as_full_screen_section=&#8221;no&#8221; type=&#8221;full_width&#8221; angled_section=&#8221;no&#8221; text_align=&#8221;left&#8221; background_image_as_pattern=&#8221;without_pattern&#8221;][vc_column width=&#8221;1\/6&#8243;][vc_empty_space height=&#8221;20px&#8221;][vc_single_image image=&#8221;246&#8243; img_size=&#8221;full&#8221; alignment=&#8221;center&#8221; onclick=&#8221;custom_link&#8221; qode_css_animation=&#8221;&#8221;][\/vc_column][vc_column width=&#8221;5\/6&#8243;][vc_empty_space height=&#8221;20px&#8221;][vc_column_text]Yrki architects has implemented a quality system according to the ISO 9001 standard\u00a0. Our...","og_url":"https:\/\/yrki.is\/en\/certified\/","og_site_name":"yrki.is","article_publisher":"https:\/\/www.facebook.com\/YrkiArkitektarYrkiArchitects\/","article_modified_time":"2019-10-16T15:46:22+00:00","twitter_card":"summary_large_image","twitter_misc":{"Est. reading time":"6 minutes"},"schema":{"@context":"https:\/\/schema.org","@graph":[{"@type":"WebPage","@id":"https:\/\/yrki.is\/en\/certified\/","url":"https:\/\/yrki.is\/en\/certified\/","name":"Certified - yrki.is","isPartOf":{"@id":"https:\/\/yrki.is\/#website"},"datePublished":"2016-06-10T09:06:29+00:00","dateModified":"2019-10-16T15:46:22+00:00","breadcrumb":{"@id":"https:\/\/yrki.is\/en\/certified\/#breadcrumb"},"inLanguage":"en-US","potentialAction":[{"@type":"ReadAction","target":["https:\/\/yrki.is\/en\/certified\/"]}]},{"@type":"BreadcrumbList","@id":"https:\/\/yrki.is\/en\/certified\/#breadcrumb","itemListElement":[{"@type":"ListItem","position":1,"name":"Home","item":"https:\/\/yrki.is\/en\/"},{"@type":"ListItem","position":2,"name":"Certified"}]},{"@type":"WebSite","@id":"https:\/\/yrki.is\/#website","url":"https:\/\/yrki.is\/","name":"yrki.is","description":"Arkitektastofa","potentialAction":[{"@type":"SearchAction","target":{"@type":"EntryPoint","urlTemplate":"https:\/\/yrki.is\/?s={search_term_string}"},"query-input":"required name=search_term_string"}],"inLanguage":"en-US"}]}},"_links":{"self":[{"href":"https:\/\/yrki.is\/en\/wp-json\/wp\/v2\/pages\/415","targetHints":{"allow":["GET"]}}],"collection":[{"href":"https:\/\/yrki.is\/en\/wp-json\/wp\/v2\/pages"}],"about":[{"href":"https:\/\/yrki.is\/en\/wp-json\/wp\/v2\/types\/page"}],"author":[{"embeddable":true,"href":"https:\/\/yrki.is\/en\/wp-json\/wp\/v2\/users\/1"}],"replies":[{"embeddable":true,"href":"https:\/\/yrki.is\/en\/wp-json\/wp\/v2\/comments?post=415"}],"version-history":[{"count":5,"href":"https:\/\/yrki.is\/en\/wp-json\/wp\/v2\/pages\/415\/revisions"}],"predecessor-version":[{"id":3127,"href":"https:\/\/yrki.is\/en\/wp-json\/wp\/v2\/pages\/415\/revisions\/3127"}],"wp:attachment":[{"href":"https:\/\/yrki.is\/en\/wp-json\/wp\/v2\/media?parent=415"}],"curies":[{"name":"wp","href":"https:\/\/api.w.org\/{rel}","templated":true}]}}